{"id":13,"date":"2016-10-10T17:52:42","date_gmt":"2016-10-10T15:52:42","guid":{"rendered":"http:\/\/tus-kettig1959.de\/tuskettig\/?page_id=13"},"modified":"2024-02-20T22:13:58","modified_gmt":"2024-02-20T21:13:58","slug":"tischtennis","status":"publish","type":"page","link":"https:\/\/tus-kettig1959.de\/tuskettig\/tischtennis\/","title":{"rendered":"Tischtennis"},"content":{"rendered":"<p><strong>Liebe Tischtennisfreunde und Besucher unserer Webseite,<\/strong><\/p>\n<p>2,7 Gramm. 10.000 Umdrehungen pro Minute. 140 km\/H. Na, was ist das? Richtig: TISCHTENNIS!<\/p>\n<p>Beim schnellsten Ballsport der Welt geht es nicht um Sekunden, sondern um Millisekunden. Und das k\u00f6nnen Sie auch bei der TTSG Wei\u00dfenthurm-Kettig erleben.Ich freue mich \u00fcber Ihr Interesse an den Aktivit\u00e4ten rund um den Tischtennissport in Wei\u00dfenthurm und Kettig. Vor \u00fcber 30 Jahren sind die Tischtennisabteilungen des TV Wei\u00dfenthurm und des TuS Kettig zu einer Spielgemeinschaft verschmolzen, die seitdem ihre Meisterschaftsspiele unter dem Namen Tischtennisspielgemeinschaft (TTSG) Wei\u00dfenthurm-Kettig austr\u00e4gt.<\/p>\n<p class=\"written-by\">Ingo Werner, Vorsitzender der TTSG Wei\u00dfenthurm-Kettig<\/p>\n","protected":false},"excerpt":{"rendered":"<p>Liebe Tischtennisfreunde und Besucher unserer Webseite, 2,7 Gramm. 10.000 Umdrehungen pro Minute. 140 km\/H. Na, was ist das? Richtig: TISCHTENNIS! Beim schnellsten Ballsport der Welt geht es nicht um Sekunden, sondern um Millisekunden. Und das k\u00f6nnen Sie auch bei der TTSG Wei\u00dfenthurm-Kettig erleben.Ich freue mich \u00fcber Ihr Interesse an den Aktivit\u00e4ten rund um den Tischtennissport in Wei\u00dfenthurm und Kettig. Vor \u00fcber 30 Jahren sind die Tischtennisabteilungen des TV Wei\u00dfenthurm und des TuS Kettig zu einer&#8230;<\/p>\n","protected":false},"author":1,"featured_media":203,"parent":0,"menu_order":0,"comment_status":"closed","ping_status":"closed","template":"","meta":{"_acf_changed":false,"footnotes":""},"class_list":["post-13","page","type-page","status-publish","has-post-thumbnail","hentry"],"acf":[],"aioseo_notices":[],"_links":{"self":[{"href":"https:\/\/tus-kettig1959.de\/tuskettig\/wp-json\/wp\/v2\/pages\/13","targetHints":{"allow":["GET"]}}],"collection":[{"href":"https:\/\/tus-kettig1959.de\/tuskettig\/wp-json\/wp\/v2\/pages"}],"about":[{"href":"https:\/\/tus-kettig1959.de\/tuskettig\/wp-json\/wp\/v2\/types\/page"}],"author":[{"embeddable":true,"href":"https:\/\/tus-kettig1959.de\/tuskettig\/wp-json\/wp\/v2\/users\/1"}],"replies":[{"embeddable":true,"href":"https:\/\/tus-kettig1959.de\/tuskettig\/wp-json\/wp\/v2\/comments?post=13"}],"version-history":[{"count":54,"href":"https:\/\/tus-kettig1959.de\/tuskettig\/wp-json\/wp\/v2\/pages\/13\/revisions"}],"predecessor-version":[{"id":1387,"href":"https:\/\/tus-kettig1959.de\/tuskettig\/wp-json\/wp\/v2\/pages\/13\/revisions\/1387"}],"wp:featuredmedia":[{"embeddable":true,"href":"https:\/\/tus-kettig1959.de\/tuskettig\/wp-json\/wp\/v2\/media\/203"}],"wp:attachment":[{"href":"https:\/\/tus-kettig1959.de\/tuskettig\/wp-json\/wp\/v2\/media?parent=13"}],"curies":[{"name":"wp","href":"https:\/\/api.w.org\/{rel}","templated":true}]}}