{"id":1304,"date":"2023-07-15T08:12:36","date_gmt":"2023-07-15T06:12:36","guid":{"rendered":"https:\/\/tus-kettig1959.de\/tuskettig\/?page_id=1304"},"modified":"2023-07-15T08:12:37","modified_gmt":"2023-07-15T06:12:37","slug":"liedtext-tus-kettig","status":"publish","type":"page","link":"https:\/\/tus-kettig1959.de\/tuskettig\/liedtext-tus-kettig\/","title":{"rendered":"Liedtext TuS Kettig"},"content":{"rendered":"\n<p>Rot und Wei\u00df, wie lieb ich dich,\u00a0wie lieb ich dich.<br>Rot und Wei\u00df der ist ein Gru\u00df f\u00fcr mich,\u00a0Gru\u00df f\u00fcr mich.<br>:II: Rot und Wei\u00df ist Wald und Flur, Wald und Flur,<br>Rot und Wei\u00df ist unsre Fu\u00dfballgarnitur.<\/p>\n\n\n\n<p>&nbsp;Rot und Wei\u00df, wie lieb ich dich,&nbsp;wie lieb ich dich.<br>Rot und Wei\u00df ist auch ein Gru\u00df f\u00fcr mich,&nbsp;Gru\u00df f\u00fcr mich.<br>:II: Alle M\u00e4dchen jung und sch\u00f6n, jung und sch\u00f6n,<br>m\u00fcssen noch Rot und Wei\u00df gekleidet gehn. :II:<\/p>\n\n\n\n<p>Rot und Wei\u00df, wie lieb ich dich,&nbsp;wie lieb ich dich.<br>Rot Wei\u00df ist auch ein Gru\u00df f\u00fcr mich,&nbsp;Gru\u00df f\u00fcr mich.<br>:Mohammed war ein Prophet ein Prophet<br>der vom Fu\u00dfballspielen nichts versteht, nichts versteht,<br>und von all\u00b4 der Farbenpracht, Farbenpracht,<br>hat er sich das Rot und Wei\u00df\u201c wohl auserdacht.&nbsp;<\/p>\n\n\n\n<p>H\u00e4tte ich ein K\u00f6nigreich, ein K\u00f6nigreich,<br>w\u00e4ren alle jungen M\u00e4dchen gleich, M\u00e4dchen gleich&#8230;<br>alle M\u00e4dchen jung und sch\u00f6n, jung und sch\u00f6n,<br>d\u00fcrfen noch \u201eRot und Wei\u00df\u201c gekleidet geh\u00b4n.<\/p>\n","protected":false},"excerpt":{"rendered":"<p>Rot und Wei\u00df, wie lieb ich dich,\u00a0wie lieb ich dich.Rot und Wei\u00df der ist ein Gru\u00df f\u00fcr mich,\u00a0Gru\u00df f\u00fcr mich.:II: Rot und Wei\u00df ist Wald und Flur, Wald und Flur,Rot und Wei\u00df ist unsre Fu\u00dfballgarnitur. &nbsp;Rot und Wei\u00df, wie lieb ich dich,&nbsp;wie lieb ich dich.Rot und Wei\u00df ist auch ein Gru\u00df f\u00fcr mich,&nbsp;Gru\u00df f\u00fcr mich.:II: Alle M\u00e4dchen jung und sch\u00f6n, jung und sch\u00f6n,m\u00fcssen noch Rot und Wei\u00df gekleidet gehn. :II: Rot und Wei\u00df, wie lieb&#8230;<\/p>\n","protected":false},"author":4,"featured_media":0,"parent":0,"menu_order":0,"comment_status":"closed","ping_status":"closed","template":"","meta":{"_acf_changed":false,"footnotes":""},"class_list":["post-1304","page","type-page","status-publish","hentry"],"acf":[],"aioseo_notices":[],"_links":{"self":[{"href":"https:\/\/tus-kettig1959.de\/tuskettig\/wp-json\/wp\/v2\/pages\/1304","targetHints":{"allow":["GET"]}}],"collection":[{"href":"https:\/\/tus-kettig1959.de\/tuskettig\/wp-json\/wp\/v2\/pages"}],"about":[{"href":"https:\/\/tus-kettig1959.de\/tuskettig\/wp-json\/wp\/v2\/types\/page"}],"author":[{"embeddable":true,"href":"https:\/\/tus-kettig1959.de\/tuskettig\/wp-json\/wp\/v2\/users\/4"}],"replies":[{"embeddable":true,"href":"https:\/\/tus-kettig1959.de\/tuskettig\/wp-json\/wp\/v2\/comments?post=1304"}],"version-history":[{"count":1,"href":"https:\/\/tus-kettig1959.de\/tuskettig\/wp-json\/wp\/v2\/pages\/1304\/revisions"}],"predecessor-version":[{"id":1305,"href":"https:\/\/tus-kettig1959.de\/tuskettig\/wp-json\/wp\/v2\/pages\/1304\/revisions\/1305"}],"wp:attachment":[{"href":"https:\/\/tus-kettig1959.de\/tuskettig\/wp-json\/wp\/v2\/media?parent=1304"}],"curies":[{"name":"wp","href":"https:\/\/api.w.org\/{rel}","templated":true}]}}