{"id":1481,"date":"2025-04-28T12:45:03","date_gmt":"2025-04-28T10:45:03","guid":{"rendered":"https:\/\/tus-kettig1959.de\/tuskettig\/?page_id=1481"},"modified":"2026-04-12T15:32:27","modified_gmt":"2026-04-12T13:32:27","slug":"pfingstzeltlager","status":"publish","type":"page","link":"https:\/\/tus-kettig1959.de\/tuskettig\/pfingstzeltlager\/","title":{"rendered":"Pfingstzeltlager"},"content":{"rendered":"\n<p>Seit fast 40 Jahren ist es gute alte Tradition, dass \u00fcber das Pfingstwochenende ein Zeltlager von einem festen Betreuerstamm ehrenamtlich ausgerichtet wird, die schon seit Ihren eigenen Kindertagen dabei sind. Zusammen mit ca. 40-50 Kindern im Alter von 7-15 Jahren wird immer ein spannendes Wochenende verbracht. Damals ins Leben gerufen von der AWO Kettig, fand das Zeltlager im Jahr 2024 erstmalig unter der Schirmherrschaft des TuS Kettig statt.<\/p>\n<p>Die Anmeldung f\u00fcr das Pfingstzeltlager 2026 ist \u00fcber folgendes Dokument m\u00f6glich: <a href=\"https:\/\/tus-kettig1959.de\/tuskettig\/wp-content\/uploads\/2026\/04\/Anmeldung-2026-TUS.pdf\">https:\/\/tus-kettig1959.de\/tuskettig\/wp-content\/uploads\/2026\/04\/Anmeldung-2026-TUS.pdf<\/a><\/p>\n\n\n","protected":false},"excerpt":{"rendered":"<p>Seit fast 40 Jahren ist es gute alte Tradition, dass \u00fcber das Pfingstwochenende ein Zeltlager von einem festen Betreuerstamm ehrenamtlich ausgerichtet wird, die schon seit Ihren eigenen Kindertagen dabei sind. Zusammen mit ca. 40-50 Kindern im Alter von 7-15 Jahren wird immer ein spannendes Wochenende verbracht. Damals ins Leben gerufen von der AWO Kettig, fand das Zeltlager im Jahr 2024 erstmalig unter der Schirmherrschaft des TuS Kettig statt. Die Anmeldung f\u00fcr das Pfingstzeltlager 2026 ist&#8230;<\/p>\n","protected":false},"author":4,"featured_media":0,"parent":0,"menu_order":0,"comment_status":"closed","ping_status":"closed","template":"","meta":{"_acf_changed":false,"footnotes":""},"class_list":["post-1481","page","type-page","status-publish","hentry"],"acf":[],"aioseo_notices":[],"_links":{"self":[{"href":"https:\/\/tus-kettig1959.de\/tuskettig\/wp-json\/wp\/v2\/pages\/1481","targetHints":{"allow":["GET"]}}],"collection":[{"href":"https:\/\/tus-kettig1959.de\/tuskettig\/wp-json\/wp\/v2\/pages"}],"about":[{"href":"https:\/\/tus-kettig1959.de\/tuskettig\/wp-json\/wp\/v2\/types\/page"}],"author":[{"embeddable":true,"href":"https:\/\/tus-kettig1959.de\/tuskettig\/wp-json\/wp\/v2\/users\/4"}],"replies":[{"embeddable":true,"href":"https:\/\/tus-kettig1959.de\/tuskettig\/wp-json\/wp\/v2\/comments?post=1481"}],"version-history":[{"count":10,"href":"https:\/\/tus-kettig1959.de\/tuskettig\/wp-json\/wp\/v2\/pages\/1481\/revisions"}],"predecessor-version":[{"id":1616,"href":"https:\/\/tus-kettig1959.de\/tuskettig\/wp-json\/wp\/v2\/pages\/1481\/revisions\/1616"}],"wp:attachment":[{"href":"https:\/\/tus-kettig1959.de\/tuskettig\/wp-json\/wp\/v2\/media?parent=1481"}],"curies":[{"name":"wp","href":"https:\/\/api.w.org\/{rel}","templated":true}]}}