{"id":15,"date":"2016-10-10T17:52:51","date_gmt":"2016-10-10T15:52:51","guid":{"rendered":"http:\/\/tus-kettig1959.de\/tuskettig\/?page_id=15"},"modified":"2025-07-20T18:16:04","modified_gmt":"2025-07-20T16:16:04","slug":"fussball","status":"publish","type":"page","link":"https:\/\/tus-kettig1959.de\/tuskettig\/fussball\/","title":{"rendered":"Fu\u00dfball"},"content":{"rendered":"<p>Liebe Fu\u00dfballfreunde,<\/p>\n<p>auf den folgenden Seiten k\u00f6nnen Sie sich \u00fcber die aktuellen Geschehnisse aus dem Bereich &#8222;Fu\u00dfball&#8220; des TuS Kettig informieren.<\/p>\n<p>In den vergangenen Jahren konnten wir eine gro\u00dfartige Entwicklung unserer Fu\u00dfballabteilung feststellen. Nachdem wir im Jahre 2010 mit einer neuen ersten Mannschaft den Seniorenfu\u00dfball wieder salonf\u00e4hig in Kettig gemacht haben, spielen nun knapp 30 Spieler in einer Mannschaft in der \u00a0D-Klasse f\u00fcr unseren Verein.<\/p>\n<p>F\u00fcr mich als Abteilungsleiter steht dennoch fest, dass es noch einiger Neuzug\u00e4nge bedarf. In Frage kommen junge und ehrgeizige Spieler, die einen festen Platz in einer Mannschaft erreichen wollen. Genau so viel Interesse besteht aber an erfahrenen Spielern, die vielleicht einen Neustart planen und ihr K\u00f6nnen noch einmal unter Beweis stellen wollen.<\/p>\n<p>Alle erforderlichen Informationen wie z.B. die Ansprechpartner und Trainer erfahren Sie beim &#8222;Klick&#8220; auf die einzelnen Mannschaften. St\u00f6bern Sie auch einmal in der Historie, es wird Ihnen Spa\u00df machen.<\/p>\n<p>Vielleicht sehen wir uns ja auch einmal bei einem Training. Ich w\u00fcrde mich freuen.<\/p>\n<p>Ihr Manfred Kl\u00f6ckner, Abteilungsleiter<\/p>\n","protected":false},"excerpt":{"rendered":"<p>Liebe Fu\u00dfballfreunde, auf den folgenden Seiten k\u00f6nnen Sie sich \u00fcber die aktuellen Geschehnisse aus dem Bereich &#8222;Fu\u00dfball&#8220; des TuS Kettig informieren. In den vergangenen Jahren konnten wir eine gro\u00dfartige Entwicklung unserer Fu\u00dfballabteilung feststellen. Nachdem wir im Jahre 2010 mit einer neuen ersten Mannschaft den Seniorenfu\u00dfball wieder salonf\u00e4hig in Kettig gemacht haben, spielen nun knapp 30 Spieler in einer Mannschaft in der \u00a0D-Klasse f\u00fcr unseren Verein. F\u00fcr mich als Abteilungsleiter steht dennoch fest, dass es noch&#8230;<\/p>\n","protected":false},"author":1,"featured_media":0,"parent":0,"menu_order":0,"comment_status":"closed","ping_status":"closed","template":"","meta":{"_acf_changed":false,"footnotes":""},"class_list":["post-15","page","type-page","status-publish","hentry"],"acf":[],"aioseo_notices":[],"_links":{"self":[{"href":"https:\/\/tus-kettig1959.de\/tuskettig\/wp-json\/wp\/v2\/pages\/15","targetHints":{"allow":["GET"]}}],"collection":[{"href":"https:\/\/tus-kettig1959.de\/tuskettig\/wp-json\/wp\/v2\/pages"}],"about":[{"href":"https:\/\/tus-kettig1959.de\/tuskettig\/wp-json\/wp\/v2\/types\/page"}],"author":[{"embeddable":true,"href":"https:\/\/tus-kettig1959.de\/tuskettig\/wp-json\/wp\/v2\/users\/1"}],"replies":[{"embeddable":true,"href":"https:\/\/tus-kettig1959.de\/tuskettig\/wp-json\/wp\/v2\/comments?post=15"}],"version-history":[{"count":14,"href":"https:\/\/tus-kettig1959.de\/tuskettig\/wp-json\/wp\/v2\/pages\/15\/revisions"}],"predecessor-version":[{"id":1517,"href":"https:\/\/tus-kettig1959.de\/tuskettig\/wp-json\/wp\/v2\/pages\/15\/revisions\/1517"}],"wp:attachment":[{"href":"https:\/\/tus-kettig1959.de\/tuskettig\/wp-json\/wp\/v2\/media?parent=15"}],"curies":[{"name":"wp","href":"https:\/\/api.w.org\/{rel}","templated":true}]}}