{"id":17,"date":"2016-10-10T17:52:59","date_gmt":"2016-10-10T15:52:59","guid":{"rendered":"http:\/\/tus-kettig1959.de\/tuskettig\/?page_id=17"},"modified":"2025-10-07T08:22:35","modified_gmt":"2025-10-07T06:22:35","slug":"jugendfussball","status":"publish","type":"page","link":"https:\/\/tus-kettig1959.de\/tuskettig\/jugendfussball\/","title":{"rendered":"Jugendfu\u00dfball"},"content":{"rendered":"\n<p>Liebe fu\u00dfballbegeisterte Kinder,<br>Liebe Eltern,<\/p>\n\n\n\n<p>ich begr\u00fc\u00dfe Sie als Jugendleiter des TuS Kettig auf der Webseite unserer Fu\u00dfballjugend.<\/p>\n\n\n\n<p>Es ist in Kettig Tradition, dass unser relativ kleiner Verein immer eine Anzahl von Jugendmannschaften stellt, die am Spielbetrieb des Fu\u00dfballverbandes Rheinland teilnehmen.<\/p>\n\n\n\n<p>Sie k\u00f6nnen sich auf den folgenden Seiten \u00fcber unsere Mannschaften informieren. Au\u00dferdem finden Sie bei den einzelnen Mannschaften auch wichtige Informationen wie die Trainer und die Trainingszeiten.<\/p>\n\n\n\n<p>Die \u00dcbungsleiter k\u00f6nnen Sie direkt ansprechen wenn Fragen bestehen. Gerne stehe ich nat\u00fcrlich auch pers\u00f6nlich f\u00fcr Euch\/Sie bereit.<\/p>\n\n\n\n<p>Ich w\u00fcrde mich freuen, bald neue Kinder bei unseren Trainingseinheiten begr\u00fc\u00dfen zu k\u00f6nnen.<\/p>\n\n\n\n<p>Manfred Kl\u00f6ckner, Jugendleiter<\/p>\n","protected":false},"excerpt":{"rendered":"<p>Liebe fu\u00dfballbegeisterte Kinder,Liebe Eltern, ich begr\u00fc\u00dfe Sie als Jugendleiter des TuS Kettig auf der Webseite unserer Fu\u00dfballjugend. Es ist in Kettig Tradition, dass unser relativ kleiner Verein immer eine Anzahl von Jugendmannschaften stellt, die am Spielbetrieb des Fu\u00dfballverbandes Rheinland teilnehmen. Sie k\u00f6nnen sich auf den folgenden Seiten \u00fcber unsere Mannschaften informieren. Au\u00dferdem finden Sie bei den einzelnen Mannschaften auch wichtige Informationen wie die Trainer und die Trainingszeiten. Die \u00dcbungsleiter k\u00f6nnen Sie direkt ansprechen wenn Fragen&#8230;<\/p>\n","protected":false},"author":1,"featured_media":0,"parent":0,"menu_order":0,"comment_status":"closed","ping_status":"closed","template":"","meta":{"_acf_changed":false,"footnotes":""},"class_list":["post-17","page","type-page","status-publish","hentry"],"acf":[],"aioseo_notices":[],"_links":{"self":[{"href":"https:\/\/tus-kettig1959.de\/tuskettig\/wp-json\/wp\/v2\/pages\/17","targetHints":{"allow":["GET"]}}],"collection":[{"href":"https:\/\/tus-kettig1959.de\/tuskettig\/wp-json\/wp\/v2\/pages"}],"about":[{"href":"https:\/\/tus-kettig1959.de\/tuskettig\/wp-json\/wp\/v2\/types\/page"}],"author":[{"embeddable":true,"href":"https:\/\/tus-kettig1959.de\/tuskettig\/wp-json\/wp\/v2\/users\/1"}],"replies":[{"embeddable":true,"href":"https:\/\/tus-kettig1959.de\/tuskettig\/wp-json\/wp\/v2\/comments?post=17"}],"version-history":[{"count":25,"href":"https:\/\/tus-kettig1959.de\/tuskettig\/wp-json\/wp\/v2\/pages\/17\/revisions"}],"predecessor-version":[{"id":1576,"href":"https:\/\/tus-kettig1959.de\/tuskettig\/wp-json\/wp\/v2\/pages\/17\/revisions\/1576"}],"wp:attachment":[{"href":"https:\/\/tus-kettig1959.de\/tuskettig\/wp-json\/wp\/v2\/media?parent=17"}],"curies":[{"name":"wp","href":"https:\/\/api.w.org\/{rel}","templated":true}]}}