{"id":30,"date":"2016-10-10T20:31:35","date_gmt":"2016-10-10T18:31:35","guid":{"rendered":"http:\/\/tus-kettig1959.de\/tuskettig\/?page_id=30"},"modified":"2025-03-11T21:57:02","modified_gmt":"2025-03-11T20:57:02","slug":"tennis","status":"publish","type":"page","link":"https:\/\/tus-kettig1959.de\/tuskettig\/tennis\/","title":{"rendered":"Tennis"},"content":{"rendered":"<p style=\"font-weight: 400;\">Liebe Tennisfreunde,<strong>\u00a0<\/strong><\/p>\n<p style=\"font-weight: 400;\">wir freuen uns \u00fcber Euer Interesse am Tennissport in\u00a0Kettig.<\/p>\n<p style=\"font-weight: 400;\">Die Tennisabteilung des TuS Kettig wurde am 26. Januar 1990 gegr\u00fcndet und verf\u00fcgt \u00fcber drei abteilungseigene Tennispl\u00e4tze direkt neben dem Sportplatz in Kettig. Derzeit nehmen ca. 65 aktive Mitglieder am Spielbetrieb teil und sorgen f\u00fcr ein reges Vereinsleben.<\/p>\n<p style=\"font-weight: 400;\">Wir als Vorstand m\u00f6chten unsere Mitglieder und alle Interessierten herzlich einladen, Teil unserer lebendigen und sportbegeisterten Gemeinschaft zu werden. Bei uns steht die Freude am Tennis ebenso im Mittelpunkt wie gemeinschaftliche Aktivit\u00e4ten und ein faires Miteinander. Egal, ob Du als Neueinsteiger erste Erfahrungen sammeln m\u00f6chtest oder als erfahrener Spieler regelm\u00e4\u00dfige Spielpraxis suchst \u2013 wir bieten ein breites Angebot an Trainingsm\u00f6glichkeiten, Turnieren und vereinsinternen Veranstaltungen.<\/p>\n<p style=\"font-weight: 400;\">F\u00fcr Interessierte bieten wir eine Schnuppermitgliedschaft f\u00fcr das erste Jahr zum einmaligen Einstiegspreis von 50,00 \u20ac an.<\/p>\n<p style=\"font-weight: 400;\">Zuschauer sind auf unserer Tennisanlage jederzeit herzlich willkommen. Ein \u201ek\u00fchles Blondes\u201c steht immer bereit.<\/p>\n<p style=\"font-weight: 400;\">Mit sportlichen Gr\u00fc\u00dfen,<\/p>\n<p style=\"font-weight: 400;\">Der Vorstand<\/p>\n","protected":false},"excerpt":{"rendered":"<p>Liebe Tennisfreunde,\u00a0 wir freuen uns \u00fcber Euer Interesse am Tennissport in\u00a0Kettig. Die Tennisabteilung des TuS Kettig wurde am 26. Januar 1990 gegr\u00fcndet und verf\u00fcgt \u00fcber drei abteilungseigene Tennispl\u00e4tze direkt neben dem Sportplatz in Kettig. Derzeit nehmen ca. 65 aktive Mitglieder am Spielbetrieb teil und sorgen f\u00fcr ein reges Vereinsleben. Wir als Vorstand m\u00f6chten unsere Mitglieder und alle Interessierten herzlich einladen, Teil unserer lebendigen und sportbegeisterten Gemeinschaft zu werden. Bei uns steht die Freude am Tennis&#8230;<\/p>\n","protected":false},"author":1,"featured_media":0,"parent":0,"menu_order":0,"comment_status":"closed","ping_status":"closed","template":"","meta":{"_acf_changed":false,"footnotes":""},"class_list":["post-30","page","type-page","status-publish","hentry"],"acf":[],"aioseo_notices":[],"_links":{"self":[{"href":"https:\/\/tus-kettig1959.de\/tuskettig\/wp-json\/wp\/v2\/pages\/30","targetHints":{"allow":["GET"]}}],"collection":[{"href":"https:\/\/tus-kettig1959.de\/tuskettig\/wp-json\/wp\/v2\/pages"}],"about":[{"href":"https:\/\/tus-kettig1959.de\/tuskettig\/wp-json\/wp\/v2\/types\/page"}],"author":[{"embeddable":true,"href":"https:\/\/tus-kettig1959.de\/tuskettig\/wp-json\/wp\/v2\/users\/1"}],"replies":[{"embeddable":true,"href":"https:\/\/tus-kettig1959.de\/tuskettig\/wp-json\/wp\/v2\/comments?post=30"}],"version-history":[{"count":6,"href":"https:\/\/tus-kettig1959.de\/tuskettig\/wp-json\/wp\/v2\/pages\/30\/revisions"}],"predecessor-version":[{"id":1473,"href":"https:\/\/tus-kettig1959.de\/tuskettig\/wp-json\/wp\/v2\/pages\/30\/revisions\/1473"}],"wp:attachment":[{"href":"https:\/\/tus-kettig1959.de\/tuskettig\/wp-json\/wp\/v2\/media?parent=30"}],"curies":[{"name":"wp","href":"https:\/\/api.w.org\/{rel}","templated":true}]}}