{"id":43,"date":"2016-10-10T20:33:25","date_gmt":"2016-10-10T18:33:25","guid":{"rendered":"http:\/\/tus-kettig1959.de\/tuskettig\/?page_id=43"},"modified":"2024-03-20T08:37:22","modified_gmt":"2024-03-20T07:37:22","slug":"seniorenturnen","status":"publish","type":"page","link":"https:\/\/tus-kettig1959.de\/tuskettig\/seniorenturnen\/","title":{"rendered":"Seniorenturnen"},"content":{"rendered":"<p>Haben Sie auch schon manchmal daran gedacht etwas f\u00fcr Ihre Fitness und Gesundheit zu tun, aber es dann doch nicht angepackt. Dann haben wir etwas f\u00fcr Sie!<\/p>\n<p>Der TuS Kettig hat sein Angebot an sportlichen Aktivit\u00e4ten erweitert und eine Abteilung &#8222;Sport f\u00fcr \u00c4ltere&#8220; gegr\u00fcndet, in der sich &#8222;Sie und Er 55 plus&#8220; sportlich bet\u00e4tigen k\u00f6nnen.<\/p>\n<p>Ziel dieses Angebotes ist es, die motorischen Grundeigenschaften mit gezielten \u00dcbungen zu verbessern. Darunter versteht man die Verbesserung von Ausdauer, Kraft, Beweglichkeit, Orientierung, Entspannung usw.<\/p>\n<p>F\u00fcr die Betreuung der Gruppe steht ein qualifizierter \u00dcbungsleiter zur Verf\u00fcgung. Kommen Sie und machen Sie mit, es lohnt sich f\u00fcr Ihre Gesundheit. Vorkenntnisse sind keinerlei erforderlich.<\/p>\n<p>Nat\u00fcrlich sind auch Ehepaare gerne gesehen. Wer also Lust und Laune an diesem Angebot hat meldet sich bitte bei der Ansprechpartnerin Monika Wildner unter 02622\/922767.<\/p>\n","protected":false},"excerpt":{"rendered":"<p>Haben Sie auch schon manchmal daran gedacht etwas f\u00fcr Ihre Fitness und Gesundheit zu tun, aber es dann doch nicht angepackt. Dann haben wir etwas f\u00fcr Sie! Der TuS Kettig hat sein Angebot an sportlichen Aktivit\u00e4ten erweitert und eine Abteilung &#8222;Sport f\u00fcr \u00c4ltere&#8220; gegr\u00fcndet, in der sich &#8222;Sie und Er 55 plus&#8220; sportlich bet\u00e4tigen k\u00f6nnen. Ziel dieses Angebotes ist es, die motorischen Grundeigenschaften mit gezielten \u00dcbungen zu verbessern. Darunter versteht man die Verbesserung von Ausdauer,&#8230;<\/p>\n","protected":false},"author":1,"featured_media":214,"parent":0,"menu_order":0,"comment_status":"closed","ping_status":"closed","template":"","meta":{"_acf_changed":false,"footnotes":""},"class_list":["post-43","page","type-page","status-publish","has-post-thumbnail","hentry"],"acf":[],"aioseo_notices":[],"_links":{"self":[{"href":"https:\/\/tus-kettig1959.de\/tuskettig\/wp-json\/wp\/v2\/pages\/43","targetHints":{"allow":["GET"]}}],"collection":[{"href":"https:\/\/tus-kettig1959.de\/tuskettig\/wp-json\/wp\/v2\/pages"}],"about":[{"href":"https:\/\/tus-kettig1959.de\/tuskettig\/wp-json\/wp\/v2\/types\/page"}],"author":[{"embeddable":true,"href":"https:\/\/tus-kettig1959.de\/tuskettig\/wp-json\/wp\/v2\/users\/1"}],"replies":[{"embeddable":true,"href":"https:\/\/tus-kettig1959.de\/tuskettig\/wp-json\/wp\/v2\/comments?post=43"}],"version-history":[{"count":3,"href":"https:\/\/tus-kettig1959.de\/tuskettig\/wp-json\/wp\/v2\/pages\/43\/revisions"}],"predecessor-version":[{"id":1397,"href":"https:\/\/tus-kettig1959.de\/tuskettig\/wp-json\/wp\/v2\/pages\/43\/revisions\/1397"}],"wp:featuredmedia":[{"embeddable":true,"href":"https:\/\/tus-kettig1959.de\/tuskettig\/wp-json\/wp\/v2\/media\/214"}],"wp:attachment":[{"href":"https:\/\/tus-kettig1959.de\/tuskettig\/wp-json\/wp\/v2\/media?parent=43"}],"curies":[{"name":"wp","href":"https:\/\/api.w.org\/{rel}","templated":true}]}}