{"id":45,"date":"2016-10-10T20:33:35","date_gmt":"2016-10-10T18:33:35","guid":{"rendered":"http:\/\/tus-kettig1959.de\/tuskettig\/?page_id=45"},"modified":"2025-09-23T20:38:47","modified_gmt":"2025-09-23T18:38:47","slug":"kinderturnen","status":"publish","type":"page","link":"https:\/\/tus-kettig1959.de\/tuskettig\/kinderturnen\/","title":{"rendered":"Kinderturnen"},"content":{"rendered":"<p>Die Kinderturngruppe des TuS Kettig stellt sich vor:<\/p>\n<p>Wir sind eine stetig wachsende Gruppe von Kindern zwischen 7 &#8211; 10 Jahren und trainieren Montags von 16 &#8211; 17:30 Uhr in der Turnhalle der Anne-Frank-Schule in Kettig.<\/p>\n<p>Mit Engagement und einer Menge Spa\u00df werden den Kindern das Turnen an Ger\u00e4ten &#8211; wie zum Beispiel Barren, Kasten, Langbank, Reck, Ringe und Trampolin &#8211; vermittelt. Ebenso Boden\u00fcbungen, u. a. Handstand, Rolle vor- und r\u00fcckw\u00e4rts und Rad. Auch ein ausgedehntes Aufw\u00e4rmprogramn sowie Bewegungsspiele geh\u00f6ren zum festen Bestandteil unserer Turnstunde.<\/p>\n<div>Zus\u00e4tzlich findet das Kinderturnen TuTaYo f\u00fcr Kinder von 5-6 Jahren auch im B\u00fcrgerhaus in Kettig immer Donnerstags von 15-16 Uhr unter der Leitung von Alina Fink statt.<\/div>\n<div><\/div>\n<div>F\u00fcr Fragen steht die Ansprechpartnerin Monika Wildner gerne zur Verf\u00fcgung.<\/div>\n","protected":false},"excerpt":{"rendered":"<p>Die Kinderturngruppe des TuS Kettig stellt sich vor: Wir sind eine stetig wachsende Gruppe von Kindern zwischen 7 &#8211; 10 Jahren und trainieren Montags von 16 &#8211; 17:30 Uhr in der Turnhalle der Anne-Frank-Schule in Kettig. Mit Engagement und einer Menge Spa\u00df werden den Kindern das Turnen an Ger\u00e4ten &#8211; wie zum Beispiel Barren, Kasten, Langbank, Reck, Ringe und Trampolin &#8211; vermittelt. Ebenso Boden\u00fcbungen, u. a. Handstand, Rolle vor- und r\u00fcckw\u00e4rts und Rad. Auch ein&#8230;<\/p>\n","protected":false},"author":1,"featured_media":0,"parent":0,"menu_order":0,"comment_status":"closed","ping_status":"closed","template":"","meta":{"_acf_changed":false,"footnotes":""},"class_list":["post-45","page","type-page","status-publish","hentry"],"acf":[],"aioseo_notices":[],"_links":{"self":[{"href":"https:\/\/tus-kettig1959.de\/tuskettig\/wp-json\/wp\/v2\/pages\/45","targetHints":{"allow":["GET"]}}],"collection":[{"href":"https:\/\/tus-kettig1959.de\/tuskettig\/wp-json\/wp\/v2\/pages"}],"about":[{"href":"https:\/\/tus-kettig1959.de\/tuskettig\/wp-json\/wp\/v2\/types\/page"}],"author":[{"embeddable":true,"href":"https:\/\/tus-kettig1959.de\/tuskettig\/wp-json\/wp\/v2\/users\/1"}],"replies":[{"embeddable":true,"href":"https:\/\/tus-kettig1959.de\/tuskettig\/wp-json\/wp\/v2\/comments?post=45"}],"version-history":[{"count":16,"href":"https:\/\/tus-kettig1959.de\/tuskettig\/wp-json\/wp\/v2\/pages\/45\/revisions"}],"predecessor-version":[{"id":1542,"href":"https:\/\/tus-kettig1959.de\/tuskettig\/wp-json\/wp\/v2\/pages\/45\/revisions\/1542"}],"wp:attachment":[{"href":"https:\/\/tus-kettig1959.de\/tuskettig\/wp-json\/wp\/v2\/media?parent=45"}],"curies":[{"name":"wp","href":"https:\/\/api.w.org\/{rel}","templated":true}]}}