{"id":49,"date":"2016-10-10T20:33:54","date_gmt":"2016-10-10T18:33:54","guid":{"rendered":"http:\/\/tus-kettig1959.de\/tuskettig\/?page_id=49"},"modified":"2019-10-17T15:56:10","modified_gmt":"2019-10-17T13:56:10","slug":"korbball","status":"publish","type":"page","link":"https:\/\/tus-kettig1959.de\/tuskettig\/korbball\/","title":{"rendered":"Korbball"},"content":{"rendered":"<p>Was ist Korbball?<\/p>\n<p>Korbball ist ein Mannschaftsspiel mit einfachen Regeln. Laufen kann jeder, werfen und fangen des Balles auch. Und das Treffen des Korbnetzes in 2,50m H\u00f6he ist schnell erlernt.<\/p>\n<p>Im Spitzensport von Frauen und M\u00e4dchen jeden Alters mit Meisterschaften bis hin zur Bundesebene zeichnet sich unser Sport besonders durch Schnelligkeit, Wurfsicherheit, Kondition und Mannschaftstatik aus; im Breitensport sind es Spa\u00df am Spiel und Freude an der Bewegung.<\/p>\n<p>Ziel ist es den Ball, der ungef\u00e4hr die Gr\u00f6\u00dfe eines Handballes hat, in den gegnerischen Korb zu werfen und den eigenen zu verteidigen.<\/p>\n<p>Na, Interesse geweckt? Dann kommt einfach einmal w\u00e4hrend der Trainingszeiten vorbei.<\/p>\n<p>&nbsp;<\/p>\n","protected":false},"excerpt":{"rendered":"<p>Was ist Korbball? Korbball ist ein Mannschaftsspiel mit einfachen Regeln. Laufen kann jeder, werfen und fangen des Balles auch. Und das Treffen des Korbnetzes in 2,50m H\u00f6he ist schnell erlernt. Im Spitzensport von Frauen und M\u00e4dchen jeden Alters mit Meisterschaften bis hin zur Bundesebene zeichnet sich unser Sport besonders durch Schnelligkeit, Wurfsicherheit, Kondition und Mannschaftstatik aus; im Breitensport sind es Spa\u00df am Spiel und Freude an der Bewegung. Ziel ist es den Ball, der ungef\u00e4hr&#8230;<\/p>\n","protected":false},"author":1,"featured_media":0,"parent":0,"menu_order":0,"comment_status":"closed","ping_status":"closed","template":"","meta":{"_acf_changed":false,"footnotes":""},"class_list":["post-49","page","type-page","status-publish","hentry"],"acf":[],"aioseo_notices":[],"_links":{"self":[{"href":"https:\/\/tus-kettig1959.de\/tuskettig\/wp-json\/wp\/v2\/pages\/49","targetHints":{"allow":["GET"]}}],"collection":[{"href":"https:\/\/tus-kettig1959.de\/tuskettig\/wp-json\/wp\/v2\/pages"}],"about":[{"href":"https:\/\/tus-kettig1959.de\/tuskettig\/wp-json\/wp\/v2\/types\/page"}],"author":[{"embeddable":true,"href":"https:\/\/tus-kettig1959.de\/tuskettig\/wp-json\/wp\/v2\/users\/1"}],"replies":[{"embeddable":true,"href":"https:\/\/tus-kettig1959.de\/tuskettig\/wp-json\/wp\/v2\/comments?post=49"}],"version-history":[{"count":5,"href":"https:\/\/tus-kettig1959.de\/tuskettig\/wp-json\/wp\/v2\/pages\/49\/revisions"}],"predecessor-version":[{"id":1155,"href":"https:\/\/tus-kettig1959.de\/tuskettig\/wp-json\/wp\/v2\/pages\/49\/revisions\/1155"}],"wp:attachment":[{"href":"https:\/\/tus-kettig1959.de\/tuskettig\/wp-json\/wp\/v2\/media?parent=49"}],"curies":[{"name":"wp","href":"https:\/\/api.w.org\/{rel}","templated":true}]}}