{"id":51,"date":"2016-10-10T20:34:05","date_gmt":"2016-10-10T18:34:05","guid":{"rendered":"http:\/\/tus-kettig1959.de\/tuskettig\/?page_id=51"},"modified":"2024-11-16T15:01:28","modified_gmt":"2024-11-16T14:01:28","slug":"bogensport","status":"publish","type":"page","link":"https:\/\/tus-kettig1959.de\/tuskettig\/bogensport\/","title":{"rendered":"Bogensport"},"content":{"rendered":"<p>\u201eNein, wir wollen den Bogen unserer Angebote nicht \u00fcberspannen, sondern dass Einige demn\u00e4chst den richtigen Bogen heraushaben\u201c lacht Monika Wildner, Vorsitzende des TuS Kettig, wenn man sie auf das neue Angebot des r\u00fchrigen Vereins anspricht.<\/p>\n<p>Als Pierre Seyfert, ein erfahrener Bogensch\u00fctze, auf den Vorstand des Vereins zukam war man zun\u00e4chst skeptisch. Schlie\u00dflich handelt es sich um eine Sportart, die in der Region nur selten angeboten wird. Nachdem man aber \u00fcber einige grundlegende Dinge informiert war, wurde schnell entschieden, diesem hochinteressanten Sport eine Chance zu geben.<\/p>\n<p>\u201eBeim Bogensport sind Ausdauer, innere Ruhe und Ausgeglichenheit g\u00fcnstige Voraussetzungen. Schon als Anf\u00e4nger lernt man schnell, dass nicht Wille und Ehrgeiz zu einem guten Trefferbild f\u00fchren, sondern Konzentration, Gelassenheit und best\u00e4ndiges \u00dcben\u201c berichtet Pierre Seyfert.<\/p>\n<p>Dem TuS Kettig war aber auch der soziale Aspekt bei seiner Entscheidung wichtig, denn das Bogenschie\u00dfen kann von jedem ausgef\u00fchrt werden, der einen Bogen spannen kann. So ergibt sich ein breites Spektrum an Mitgliedern im Alter ab 10 Jahren, egal ob Frau, Mann, Kind oder Behinderter. Durch die Verbindung aller Altersklassen und behinderter Menschen ergibt sich ein gro\u00dfes soziales Umfeld.<\/p>\n","protected":false},"excerpt":{"rendered":"<p>\u201eNein, wir wollen den Bogen unserer Angebote nicht \u00fcberspannen, sondern dass Einige demn\u00e4chst den richtigen Bogen heraushaben\u201c lacht Monika Wildner, Vorsitzende des TuS Kettig, wenn man sie auf das neue Angebot des r\u00fchrigen Vereins anspricht. Als Pierre Seyfert, ein erfahrener Bogensch\u00fctze, auf den Vorstand des Vereins zukam war man zun\u00e4chst skeptisch. Schlie\u00dflich handelt es sich um eine Sportart, die in der Region nur selten angeboten wird. Nachdem man aber \u00fcber einige grundlegende Dinge informiert war,&#8230;<\/p>\n","protected":false},"author":1,"featured_media":1449,"parent":0,"menu_order":0,"comment_status":"closed","ping_status":"closed","template":"","meta":{"_acf_changed":false,"footnotes":""},"class_list":["post-51","page","type-page","status-publish","has-post-thumbnail","hentry"],"acf":[],"aioseo_notices":[],"_links":{"self":[{"href":"https:\/\/tus-kettig1959.de\/tuskettig\/wp-json\/wp\/v2\/pages\/51","targetHints":{"allow":["GET"]}}],"collection":[{"href":"https:\/\/tus-kettig1959.de\/tuskettig\/wp-json\/wp\/v2\/pages"}],"about":[{"href":"https:\/\/tus-kettig1959.de\/tuskettig\/wp-json\/wp\/v2\/types\/page"}],"author":[{"embeddable":true,"href":"https:\/\/tus-kettig1959.de\/tuskettig\/wp-json\/wp\/v2\/users\/1"}],"replies":[{"embeddable":true,"href":"https:\/\/tus-kettig1959.de\/tuskettig\/wp-json\/wp\/v2\/comments?post=51"}],"version-history":[{"count":3,"href":"https:\/\/tus-kettig1959.de\/tuskettig\/wp-json\/wp\/v2\/pages\/51\/revisions"}],"predecessor-version":[{"id":197,"href":"https:\/\/tus-kettig1959.de\/tuskettig\/wp-json\/wp\/v2\/pages\/51\/revisions\/197"}],"wp:featuredmedia":[{"embeddable":true,"href":"https:\/\/tus-kettig1959.de\/tuskettig\/wp-json\/wp\/v2\/media\/1449"}],"wp:attachment":[{"href":"https:\/\/tus-kettig1959.de\/tuskettig\/wp-json\/wp\/v2\/media?parent=51"}],"curies":[{"name":"wp","href":"https:\/\/api.w.org\/{rel}","templated":true}]}}