{"id":587,"date":"2018-05-31T16:32:11","date_gmt":"2018-05-31T14:32:11","guid":{"rendered":"http:\/\/tus-kettig1959.de\/tuskettig\/?page_id=587"},"modified":"2018-10-21T13:59:40","modified_gmt":"2018-10-21T11:59:40","slug":"projekt-kunstrasenplatz","status":"publish","type":"page","link":"https:\/\/tus-kettig1959.de\/tuskettig\/projekt-kunstrasenplatz\/","title":{"rendered":"Projekt Kunstrasenplatz"},"content":{"rendered":"<h2>Projektbeschreibung:<\/h2>\n<div dir=\"auto\">Geplant ist die Sanierung des Bolzplatzes in Kettig mit dem Au\u00dfenma\u00df L\u00e4nge 42 m, Breite 27 m.<\/div>\n<div dir=\"auto\">Es soll eine Kunstrasen\ufb02\u00e4che mit entsprechenden Erd\u2014 und Verdichtungsarbeiten errichtet werden. Eine Beleuchtungsanlage ist auch geplant um die Nutzung in den Wintermonaten zu gew\u00e4hrleisten. Die Au\u00dfen\ufb02\u00e4chen um das Spielfeld soll gep\ufb02astert werden, um eine Verschmutzung des Spielfeldes zu minimieren. Diese Arbeiten werden in Eigenleistung ausgef\u00fchrt.<\/div>\n<div dir=\"auto\"><\/div>\n<div dir=\"auto\">Wie Sie aus Schreiben der F\u00f6rder\u2014 und Wohnst\u00e4tten GmbH und der Ortgemeinde Kettig entnehmen k\u00f6nnen, wird der neue Bolzplatz vielf\u00e4ltig genutzt werden.<\/div>\n<div dir=\"auto\"><\/div>\n<div dir=\"auto\">Der TuS Kettig beabsichtigt die neue Fl\u00e4che f\u00fcr Trainingszwecke, haupts\u00e4chlich f\u00fcr die Fu\u00dfballjugend zu nutzen. lm Winter werden die Seniorenmannschaften dann auch auf dem Bolzplatz trainieren, da der Naturrasenplatz auf dem Sportgel\u00e4nde von der Ortsgemeinde gesperrt wird. Zurzeit muss der Verein im Winter gegen Entgelt andere Pl\u00e4tze in der Verbandsgemeinde nutzen.<\/div>\n<h2>Nutzungsplan Mini-Spielfeld:<\/h2>\n<div dir=\"auto\"><strong>TuS Kettig e. V. 1959<\/strong><\/div>\n<ul>\n<li dir=\"auto\">Trainingsm\u00f6glichkeiten f\u00fcr:\n<ul>\n<li dir=\"auto\">B-\u201a E\u2014\u201a F-Junioren-Mannschaften<\/li>\n<li dir=\"auto\">Bambini\u2014Mannschaften<\/li>\n<li dir=\"auto\">B-Juniorinnen Mannschaft<\/li>\n<li dir=\"auto\">Seniorenmannschaften Alte Herrenmannschaft<\/li>\n<\/ul>\n<\/li>\n<\/ul>\n<div dir=\"auto\"><strong>F\u00f6rder- und Wohnst\u00e4tte Kettig<\/strong><\/div>\n<ul>\n<li dir=\"auto\">Trainings- und Spielm\u00f6glichkeiten f\u00fcr:\n<ul>\n<li dir=\"auto\">Blindenfu\u00dfball<\/li>\n<li dir=\"auto\">Rollstuhlfu\u00dfball<\/li>\n<li dir=\"auto\">Behindertenfu\u00dfball<\/li>\n<li dir=\"auto\">Betriebssport<\/li>\n<\/ul>\n<\/li>\n<\/ul>\n<div dir=\"auto\"><strong>Ortsgemeinde Kettig \/ Verbandsgemeinde Wei\u00dfenthurm<\/strong><\/div>\n<ul>\n<li dir=\"auto\">Schul- und Kindergartensport<\/li>\n<li dir=\"auto\">Freizeitsport<\/li>\n<li dir=\"auto\">Integrationssport<\/li>\n<\/ul>\n<h2>Zeitungsberichte:<\/h2>\n<p>TuS Kettig m\u00f6chte Sportgel\u00e4nde um Kunstrasenplatz erweitern<\/p>\n<p>Die Abl\u00f6sung des alten Tennenfu\u00dfballplatzes durch einen neuen Rasenplatz vor drei Jahren war f\u00fcr den TuS Kettig ein wichtiger Schritt, um weiterhin attraktive Sportm\u00f6glichkeiten im Ort anzubieten.<\/p>\n<p>Momentan m\u00fcssen die Fu\u00dfballer im Winter auf andere Sportpl\u00e4tze, meistens nach Urmitz-Bhf. ausweichen, was jedoch kein Dauerzustand werden soll. Deshalb plant der Verein die Errichtung eines Kunstrasenfeldes in 7er-Feld Gr\u00f6\u00dfe auf dem Ort des aktuellen Bolzplatzes. Diese Gr\u00f6\u00dfe erm\u00f6glicht den ununterbrochenen Spielbetrieb der kleineren Jugendmannschaften und bietet den \u00c4lteren und Senioren genug Platz, um auch bei winterlichen Temperaturen in Kettig trainieren zu k\u00f6nnen.<\/p>\n<p>Um die notwendigen Finanzmittel so gering wie m\u00f6glich zu halten, m\u00f6chte der Verein einen Teil der Arbeit in Eigenleistung erledigen. Unterst\u00fctzung haben bei diesem Projekt haben auch Ortsb\u00fcrgermeister Peter Moskopp mit der Gemeinde Kettig bereits zugesichert. Au\u00dferdem hat der Verein in den vergangenen Monaten schon weitere Spendenzusagen erhalten, doch es verbleibt ein Finanzierungsloch von ungef\u00e4hr 30.000 \u20ac. Diese L\u00fccke m\u00f6chten wir zum einen durch einen weiteren Spendenaufruf und zum anderen durch Spenden der Vereinsmitglieder, insbesondere der Fu\u00dfballabteilung, schlie\u00dfen.<\/p>\n<p>Der Kunstrasenplatz soll eine Investition in die Zukunft des TuS Kettig sein, um es f\u00fcr alle Mitglieder noch einfacher zu machen, ihren Sport in Kettig aus\u00fcben zu k\u00f6nnen. Aktuell spielen bereits circa 80 Kinder in 5 Mannschaften Fu\u00dfball in Kettig und wir hoffen dass hierdurch noch mehr Jungen und M\u00e4dchen Interesse an Fu\u00dfball und Sport allgemein finden. Au\u00dferdem werden durch den Wegfall der Fahrten nach Urmitz-Bhf. die Eltern entlastet und der Sportplatz kann sowohl von Sch\u00fclern der Grundschule als auch Bewohnern der F\u00f6rder- und Wohnst\u00e4tte genutzt werden.<\/p>\n<p>Wir wenden uns deshalb heute mit der Bitte an die \u00d6ffentlichkeit, uns durch eine Spende auf das Konto IBAN: DE97 5776 1591 7712 3957 00, BIC: GENODED1BNA zu unterst\u00fctzen, damit die Erweiterung des Sportgel\u00e4ndes um das Minispielfeld mit Kunstrasen m\u00f6glich wird. Hier hilft jeder Betrag.<\/p>\n<p>&nbsp;<\/p>\n<p>Kunstrasenplatz fertig gestellt<\/p>\n<p>Am Ende ging es doch ganz schnell und zwischen Spatenstich und Fertigstellung des Kunstrasenplatzes in Kettig sind nur wenige Monate Wochen vergangen.<\/p>\n<p>Begonnen hat das Projekt f\u00fcr den TuS Kettig bereits schon vor drei Jahren, allerdings musste der Baubeginn durch ausgefallene F\u00f6rdergelder immer weiter verschoben werden. In diesem Jahr konnte der TuS Kettig dann s\u00e4mtliche Rahmenbedingungen kl\u00e4ren und die Finanzierung sichern. Dank der immer andauernden Unterst\u00fctzung von Ortsb\u00fcrgermeister Peter Moskopp gibt die Gemeinde 10.000 Euro zu diesem Projekt hinzu. Die verbleibenden knapp 85 Prozent bringt der Verein selber ein. Dies beinhaltet zum Einen die Eigenleistungen der Vereinsmitglieder beim Umbau des Platzes. Des Weiteren hat der Verein einen Kredit aufgenommen, welcher \u00fcber Spenden von Mitgliedern der Fu\u00dfballabteilung, sowie Spenden von mehreren Privatpersonen und Unternehmen wie der Volksbank, der Sparkasse, Toto-Lotto, EVM, Firma Behr, getilgt wird.<\/p>\n<p>Um Vandalismus zu vermeiden und den neuen Platz m\u00f6glichst lange nutzen zu k\u00f6nnen, wird der Platz w\u00e4hrend den Trainingszeiten der Jugend- und Seniorenmannschaften aufgeschlossen, sodass ihn die Kettiger Kinder auch nutzen k\u00f6nnen.<\/p>\n<p>Der Verein m\u00f6chte sich an dieser Stelle auch noch einmal bei s\u00e4mtlichen Sponsoren und Unterst\u00fctzern f\u00fcr das Geleistete bedanken.<\/p>\n<p>&nbsp;<\/p>\n","protected":false},"excerpt":{"rendered":"<p>Projektbeschreibung: Geplant ist die Sanierung des Bolzplatzes in Kettig mit dem Au\u00dfenma\u00df L\u00e4nge 42 m, Breite 27 m. Es soll eine Kunstrasen\ufb02\u00e4che mit entsprechenden Erd\u2014 und Verdichtungsarbeiten errichtet werden. Eine Beleuchtungsanlage ist auch geplant um die Nutzung in den Wintermonaten zu gew\u00e4hrleisten. Die Au\u00dfen\ufb02\u00e4chen um das Spielfeld soll gep\ufb02astert werden, um eine Verschmutzung des Spielfeldes zu minimieren. Diese Arbeiten werden in Eigenleistung ausgef\u00fchrt. Wie Sie aus Schreiben der F\u00f6rder\u2014 und Wohnst\u00e4tten GmbH und der Ortgemeinde&#8230;<\/p>\n","protected":false},"author":4,"featured_media":722,"parent":0,"menu_order":0,"comment_status":"closed","ping_status":"closed","template":"","meta":{"_acf_changed":false,"footnotes":""},"class_list":["post-587","page","type-page","status-publish","has-post-thumbnail","hentry"],"acf":[],"aioseo_notices":[],"_links":{"self":[{"href":"https:\/\/tus-kettig1959.de\/tuskettig\/wp-json\/wp\/v2\/pages\/587","targetHints":{"allow":["GET"]}}],"collection":[{"href":"https:\/\/tus-kettig1959.de\/tuskettig\/wp-json\/wp\/v2\/pages"}],"about":[{"href":"https:\/\/tus-kettig1959.de\/tuskettig\/wp-json\/wp\/v2\/types\/page"}],"author":[{"embeddable":true,"href":"https:\/\/tus-kettig1959.de\/tuskettig\/wp-json\/wp\/v2\/users\/4"}],"replies":[{"embeddable":true,"href":"https:\/\/tus-kettig1959.de\/tuskettig\/wp-json\/wp\/v2\/comments?post=587"}],"version-history":[{"count":7,"href":"https:\/\/tus-kettig1959.de\/tuskettig\/wp-json\/wp\/v2\/pages\/587\/revisions"}],"predecessor-version":[{"id":1428,"href":"https:\/\/tus-kettig1959.de\/tuskettig\/wp-json\/wp\/v2\/pages\/587\/revisions\/1428"}],"wp:featuredmedia":[{"embeddable":true,"href":"https:\/\/tus-kettig1959.de\/tuskettig\/wp-json\/wp\/v2\/media\/722"}],"wp:attachment":[{"href":"https:\/\/tus-kettig1959.de\/tuskettig\/wp-json\/wp\/v2\/media?parent=587"}],"curies":[{"name":"wp","href":"https:\/\/api.w.org\/{rel}","templated":true}]}}