{"id":9,"date":"2016-10-10T17:52:22","date_gmt":"2016-10-10T15:52:22","guid":{"rendered":"http:\/\/tus-kettig1959.de\/tuskettig\/?page_id=9"},"modified":"2022-06-16T08:17:16","modified_gmt":"2022-06-16T06:17:16","slug":"der-verein","status":"publish","type":"page","link":"https:\/\/tus-kettig1959.de\/tuskettig\/der-verein\/","title":{"rendered":"Der Verein"},"content":{"rendered":"<p>Liebe Besucher, Liebe Sportfreunde,<br \/>als Vorsitzender des TuS Kettig darf ich Sie herzlich begr\u00fc\u00dfen und freue mich, dass Sie unseren Internetauftritt besuchen.<\/p>\n<p>Mein Dank und meine Anerkennung gilt allen Verantwortlichen und den ehrenamtlichen Helfern f\u00fcr ihre Arbeit und den Einsatz in den vergangenen Jahren. Nur so konnten die Erwartungen, die sich unser Verein selbst gestellt hat, erf\u00fcllt werden. Der TuS Kettig ist ein fester Bestandteil unserer Gemeinde geworden. Was wir bisher erreicht haben erf\u00fcllt uns mit Stolz, verpflichtet uns aber auch f\u00fcr die kommenden Aufgaben.<\/p>\n<p>Im Juni 2009 konnten wir gemeinsam das 50-j\u00e4hrige Bestehen unseres Vereins feiern und viel Sch\u00f6nes, Lustiges und fast Vergessenes in Erinnerung rufen.<\/p>\n<p>Nachdem der Start 1959 nur mit Fu\u00dfball erfolgte, besteht der TuS Kettig heute aus vielen Abteilungen, in denen wir Sport f\u00fcr &#8222;Jung und Alt&#8220; anbieten. Besonders die Nachwuchsarbeit wird bei uns gro\u00df geschrieben. Aktuell z\u00e4hlt der Verein \u00fcber 700\u00a0Mitglieder mit stetig steigender Tendenz. Mehr als die H\u00e4lfte davon sind Kinder und Jugendliche.<\/p>\n<p>Auf den folgenden Seiten k\u00f6nnen Sie sich \u00fcber unser sportliches Angebot informieren. Hier finden Sie auch die Trainingszeiten und die Ansprechpartner, wenn Sie Fragen haben.<\/p>\n<p>Ich w\u00fcnsche dabei viel Spa\u00df und w\u00fcrde mich freuen, Sie bald als Mitglied bei uns begr\u00fc\u00dfen zu d\u00fcrfen.<br \/>Sascha Thielen, 1. Vorsitzender<\/p>\n<p>\u00a0<\/p>\n\n\n<figure class=\"wp-block-image size-large is-resized\"><img loading=\"lazy\" decoding=\"async\" src=\"https:\/\/tus-kettig1959.de\/tuskettig\/wp-content\/uploads\/2022\/03\/IMG_20220318_132201-675x1024.jpg\" alt=\"\" class=\"wp-image-1104\" width=\"283\" height=\"429\" srcset=\"https:\/\/tus-kettig1959.de\/tuskettig\/wp-content\/uploads\/2022\/03\/IMG_20220318_132201-675x1024.jpg 675w, https:\/\/tus-kettig1959.de\/tuskettig\/wp-content\/uploads\/2022\/03\/IMG_20220318_132201-198x300.jpg 198w, https:\/\/tus-kettig1959.de\/tuskettig\/wp-content\/uploads\/2022\/03\/IMG_20220318_132201-768x1165.jpg 768w, https:\/\/tus-kettig1959.de\/tuskettig\/wp-content\/uploads\/2022\/03\/IMG_20220318_132201-1013x1536.jpg 1013w, https:\/\/tus-kettig1959.de\/tuskettig\/wp-content\/uploads\/2022\/03\/IMG_20220318_132201-1350x2048.jpg 1350w, https:\/\/tus-kettig1959.de\/tuskettig\/wp-content\/uploads\/2022\/03\/IMG_20220318_132201.jpg 1687w\" sizes=\"auto, (max-width: 283px) 100vw, 283px\" \/><\/figure>\n","protected":false},"excerpt":{"rendered":"<p>Liebe Besucher, Liebe Sportfreunde,als Vorsitzender des TuS Kettig darf ich Sie herzlich begr\u00fc\u00dfen und freue mich, dass Sie unseren Internetauftritt besuchen. Mein Dank und meine Anerkennung gilt allen Verantwortlichen und den ehrenamtlichen Helfern f\u00fcr ihre Arbeit und den Einsatz in den vergangenen Jahren. Nur so konnten die Erwartungen, die sich unser Verein selbst gestellt hat, erf\u00fcllt werden. Der TuS Kettig ist ein fester Bestandteil unserer Gemeinde geworden. Was wir bisher erreicht haben erf\u00fcllt uns mit&#8230;<\/p>\n","protected":false},"author":1,"featured_media":0,"parent":0,"menu_order":0,"comment_status":"closed","ping_status":"closed","template":"","meta":{"_acf_changed":false,"footnotes":""},"class_list":["post-9","page","type-page","status-publish","hentry"],"acf":[],"aioseo_notices":[],"_links":{"self":[{"href":"https:\/\/tus-kettig1959.de\/tuskettig\/wp-json\/wp\/v2\/pages\/9","targetHints":{"allow":["GET"]}}],"collection":[{"href":"https:\/\/tus-kettig1959.de\/tuskettig\/wp-json\/wp\/v2\/pages"}],"about":[{"href":"https:\/\/tus-kettig1959.de\/tuskettig\/wp-json\/wp\/v2\/types\/page"}],"author":[{"embeddable":true,"href":"https:\/\/tus-kettig1959.de\/tuskettig\/wp-json\/wp\/v2\/users\/1"}],"replies":[{"embeddable":true,"href":"https:\/\/tus-kettig1959.de\/tuskettig\/wp-json\/wp\/v2\/comments?post=9"}],"version-history":[{"count":6,"href":"https:\/\/tus-kettig1959.de\/tuskettig\/wp-json\/wp\/v2\/pages\/9\/revisions"}],"predecessor-version":[{"id":1151,"href":"https:\/\/tus-kettig1959.de\/tuskettig\/wp-json\/wp\/v2\/pages\/9\/revisions\/1151"}],"wp:attachment":[{"href":"https:\/\/tus-kettig1959.de\/tuskettig\/wp-json\/wp\/v2\/media?parent=9"}],"curies":[{"name":"wp","href":"https:\/\/api.w.org\/{rel}","templated":true}]}}