{"id":964,"date":"2020-08-25T12:48:07","date_gmt":"2020-08-25T10:48:07","guid":{"rendered":"https:\/\/tus-kettig1959.de\/tuskettig\/?page_id=964"},"modified":"2020-10-27T18:52:03","modified_gmt":"2020-10-27T17:52:03","slug":"hygienekonzept","status":"publish","type":"page","link":"https:\/\/tus-kettig1959.de\/tuskettig\/hygienekonzept\/","title":{"rendered":"Hygienekonzept"},"content":{"rendered":"\n<p>Auf dieser Seite finden sie das Hygienkonzept des TuS Kettig f\u00fcr den Trainings- und Spielbetrieb inklusive Lageplan des Sportplatz.<\/p>\n<p>Vielen Dank f\u00fcr die Beachtung und Vorsicht.<\/p>\n\n\n\n<div class=\"wp-block-file\"><a href=\"https:\/\/tus-kettig1959.de\/tuskettig\/wp-content\/uploads\/2020\/10\/CORONA_Konzept_TUS_-Kettig_141020.pdf\">CORONA_Konzept_TUS_-Kettig_141020<\/a><a href=\"https:\/\/tus-kettig1959.de\/tuskettig\/wp-content\/uploads\/2020\/10\/CORONA_Konzept_TUS_-Kettig_141020.pdf\" class=\"wp-block-file__button\" download>Herunterladen<\/a><\/div>\n\n\n\n<figure class=\"wp-block-image size-large\"><img loading=\"lazy\" decoding=\"async\" width=\"1014\" height=\"641\" src=\"https:\/\/tus-kettig1959.de\/tuskettig\/wp-content\/uploads\/2020\/08\/Lageplan-Sportplatz-Corona.jpg\" alt=\"\" class=\"wp-image-966\" srcset=\"https:\/\/tus-kettig1959.de\/tuskettig\/wp-content\/uploads\/2020\/08\/Lageplan-Sportplatz-Corona.jpg 1014w, https:\/\/tus-kettig1959.de\/tuskettig\/wp-content\/uploads\/2020\/08\/Lageplan-Sportplatz-Corona-300x190.jpg 300w, https:\/\/tus-kettig1959.de\/tuskettig\/wp-content\/uploads\/2020\/08\/Lageplan-Sportplatz-Corona-768x485.jpg 768w\" sizes=\"auto, (max-width: 1014px) 100vw, 1014px\" \/><\/figure>\n\n\n\n<p>Mit dem Online Ticketsystem von Vereinsticket.de k\u00f6nnt ihr nun bereits im Voraus eure Kontaktdaten online eingeben. Am Spieltag selber, bringt ihr dann einfach eurer Smartphone mit, wir Scannen dies &amp; ihr m\u00fcsst keine weiteren Kontaktdaten mehr vor Ort eingeben.<\/p>\n<p>Es geht ganz einfach:<\/p>\n<p><img loading=\"lazy\" decoding=\"async\" class=\"alignnone wp-image-1005 size-large\" src=\"https:\/\/tus-kettig1959.de\/tuskettig\/wp-content\/uploads\/2020\/10\/TuS-Kettig-QR-Code-Grafik-1024x723.jpeg\" alt=\"\" width=\"1024\" height=\"723\" srcset=\"https:\/\/tus-kettig1959.de\/tuskettig\/wp-content\/uploads\/2020\/10\/TuS-Kettig-QR-Code-Grafik-1024x723.jpeg 1024w, https:\/\/tus-kettig1959.de\/tuskettig\/wp-content\/uploads\/2020\/10\/TuS-Kettig-QR-Code-Grafik-300x212.jpeg 300w, https:\/\/tus-kettig1959.de\/tuskettig\/wp-content\/uploads\/2020\/10\/TuS-Kettig-QR-Code-Grafik-768x542.jpeg 768w, https:\/\/tus-kettig1959.de\/tuskettig\/wp-content\/uploads\/2020\/10\/TuS-Kettig-QR-Code-Grafik.jpeg 1055w\" sizes=\"auto, (max-width: 1024px) 100vw, 1024px\" \/><\/p>\n<p>Und mit dem Superticket geht es bei mehreren Spielen (auch ausw\u00e4rts!) noch einfacher:<\/p>\n<p><img loading=\"lazy\" decoding=\"async\" class=\"alignnone wp-image-1004 size-large\" src=\"https:\/\/tus-kettig1959.de\/tuskettig\/wp-content\/uploads\/2020\/10\/TuS-Kettig-Super-Fan-Social-Media-Grafik-1024x512.jpg\" alt=\"\" width=\"1024\" height=\"512\" srcset=\"https:\/\/tus-kettig1959.de\/tuskettig\/wp-content\/uploads\/2020\/10\/TuS-Kettig-Super-Fan-Social-Media-Grafik-1024x512.jpg 1024w, https:\/\/tus-kettig1959.de\/tuskettig\/wp-content\/uploads\/2020\/10\/TuS-Kettig-Super-Fan-Social-Media-Grafik-300x150.jpg 300w, https:\/\/tus-kettig1959.de\/tuskettig\/wp-content\/uploads\/2020\/10\/TuS-Kettig-Super-Fan-Social-Media-Grafik-768x384.jpg 768w, https:\/\/tus-kettig1959.de\/tuskettig\/wp-content\/uploads\/2020\/10\/TuS-Kettig-Super-Fan-Social-Media-Grafik-1536x768.jpg 1536w, https:\/\/tus-kettig1959.de\/tuskettig\/wp-content\/uploads\/2020\/10\/TuS-Kettig-Super-Fan-Social-Media-Grafik-2048x1024.jpg 2048w\" sizes=\"auto, (max-width: 1024px) 100vw, 1024px\" \/><\/p>\n<p>Alternativ: Anbei finden Sie auch das Formular zur eventuellen Nachverfolgung f\u00fcr die Gesunheitsbeh\u00f6rden. Bitte drucken Sie sich dieses aus und bringen es ausgef\u00fcllt zum Spiel mit. So k\u00f6nnen Sie und wir das Spiel noch entspannter genie\u00dfen:<\/p>\n\n\n\n<div class=\"wp-block-file\"><a href=\"https:\/\/tus-kettig1959.de\/tuskettig\/wp-content\/uploads\/2020\/10\/corona_kontaktdaten_infektionsketten_nachverfolgung1.pdf\">Formular Kontaktdaten Nachverfolgung<\/a><a href=\"https:\/\/tus-kettig1959.de\/tuskettig\/wp-content\/uploads\/2020\/10\/corona_kontaktdaten_infektionsketten_nachverfolgung1.pdf\" class=\"wp-block-file__button\" download>Herunterladen<\/a><\/div>\n","protected":false},"excerpt":{"rendered":"<p>Auf dieser Seite finden sie das Hygienkonzept des TuS Kettig f\u00fcr den Trainings- und Spielbetrieb inklusive Lageplan des Sportplatz. Vielen Dank f\u00fcr die Beachtung und Vorsicht. Mit dem Online Ticketsystem von Vereinsticket.de k\u00f6nnt ihr nun bereits im Voraus eure Kontaktdaten online eingeben. Am Spieltag selber, bringt ihr dann einfach eurer Smartphone mit, wir Scannen dies &amp; ihr m\u00fcsst keine weiteren Kontaktdaten mehr vor Ort eingeben. Es geht ganz einfach: Und mit dem Superticket geht es&#8230;<\/p>\n","protected":false},"author":4,"featured_media":0,"parent":0,"menu_order":0,"comment_status":"closed","ping_status":"closed","template":"","meta":{"_acf_changed":false,"footnotes":""},"class_list":["post-964","page","type-page","status-publish","hentry"],"acf":[],"aioseo_notices":[],"_links":{"self":[{"href":"https:\/\/tus-kettig1959.de\/tuskettig\/wp-json\/wp\/v2\/pages\/964","targetHints":{"allow":["GET"]}}],"collection":[{"href":"https:\/\/tus-kettig1959.de\/tuskettig\/wp-json\/wp\/v2\/pages"}],"about":[{"href":"https:\/\/tus-kettig1959.de\/tuskettig\/wp-json\/wp\/v2\/types\/page"}],"author":[{"embeddable":true,"href":"https:\/\/tus-kettig1959.de\/tuskettig\/wp-json\/wp\/v2\/users\/4"}],"replies":[{"embeddable":true,"href":"https:\/\/tus-kettig1959.de\/tuskettig\/wp-json\/wp\/v2\/comments?post=964"}],"version-history":[{"count":9,"href":"https:\/\/tus-kettig1959.de\/tuskettig\/wp-json\/wp\/v2\/pages\/964\/revisions"}],"predecessor-version":[{"id":1007,"href":"https:\/\/tus-kettig1959.de\/tuskettig\/wp-json\/wp\/v2\/pages\/964\/revisions\/1007"}],"wp:attachment":[{"href":"https:\/\/tus-kettig1959.de\/tuskettig\/wp-json\/wp\/v2\/media?parent=964"}],"curies":[{"name":"wp","href":"https:\/\/api.w.org\/{rel}","templated":true}]}}